{"id":359,"date":"2020-12-20T16:52:30","date_gmt":"2020-12-20T15:52:30","guid":{"rendered":"https:\/\/www.bikeparkfinder.com\/?page_id=359"},"modified":"2022-04-17T18:22:42","modified_gmt":"2022-04-17T16:22:42","slug":"termini-e-condizioni","status":"publish","type":"page","link":"https:\/\/www.bikeparkbooking.com\/en\/termini-e-condizioni\/","title":{"rendered":"Termini e Condizioni"},"content":{"rendered":"<p>Bike Park Booking \u00e8 una piattaforma che ha lo scopo di censire i luoghi di pratica per la Mountain Bike (Bike Parks, Trail Areas, Pump Track, Dire Jump, strutture di noleggio e Escursioni Guidate) sul territorio Nazionale Italiano offrendo uno strumento utile per mettere in contatto l\u2019utilizzatore finale con coloro che gestiscono queste strutture (Aziende di vario genere, Associazioni Sportive e guide Cicloturistiche) e offrono i relativi servizi (Bike Shuttle, escursioni guidate, offerta turistica locale). La piattaforma disponibile su web all\u2019indirizzo <a href=\"https:\/\/www.bikeparkbooking.com\/en\/\">www.bikeparkbooking.com<\/a> e su APP Bike Park Booking (disponibile su IOS e Android) \u00e8 di utilizzo e consultazione gratuita per l\u2019utente finale e permette l\u2019intermediazione per l\u2019acquisto dei servizi dai gestori delle Strutture inserite.<\/p>\n<p><b>Strutture<\/b><\/p>\n<p>La piattaforma ha l\u2019intento di fornire all\u2019utente finale un rapido sistema di ricerca suddiviso per categorie (Bike Parks, Trail Areas e Escursioni in MTB) e regioni Italiane. Le strutture inserite sono frutto di una ricerca sul web, sui social network e App specifiche e forniscono informazioni basilari e facilmente reperibili sul web per cui non si garantisce la completa veridicit\u00e0. Solamente le strutture verificate la cui gestione della pagina \u00e8 affidata al gestore della reale struttura, presenteranno informazioni pi\u00f9 dettagliate. Pertanto l<strong>a piattaforma BIKE PARK BOOKING DECLINA OGNI RESPONSABILITA&#8217; IN RELAZIONE ALLE INFORMAZIONI PRESENTI SIA SULLE STRUTTURE VERIFICATE (il cui contenuto \u00e8 inserito dal gestore) CHE SU QUELLE IN ATTESA DI VERIFICA. \u00a0Bike Park BOOKING svolge solo un lavoro di gestione della piattaforma e controllo di idoneit\u00e0 dei contenuti caricati.<\/strong><\/p>\n<p><b>Dominio della Struttura<\/b><\/p>\n<p>Le strutture presenti sulla piattaforma sono state inserite dall\u2019amministratore del sito che ha provveduto a dare comunicazione dell\u2019inserimento ai gestori i cui contatti sono stati reperiti tramite le ricerche sul web. I gestori potranno rivendicare il dominio della pagina all\u2019interno della piattaforma aderendo all\u2019offerta commerciale riservata; tale offerta prevede un periodo di prova gratuito di 45 giorni all\u2019interno del quale potranno implementare la pagina della struttura con maggiori informazioni, foto, video, promuovere e vendere i loro servizi. Al termine del periodo gratuito la struttura dovr\u00e0 pagare un canone annuo per il dominio della pagina. Soltanto dopo che verr\u00e0 assegnato il dominio della pagina la struttura risulter\u00e0 \u201c<b>STRUTTURA VERIFICATA\u201d<\/b>. Il mancato pagamento del canone annuo per il dominio della pagina comporter\u00e0 il blocco della gestione e l\u2019eliminazione di contatti e contenuti inseriti oltre il riconoscimento di \u201cstruttura verificata\u201d; sar\u00e0 pertanto sospeso ogni sistema di prenotazione. Il Gestore della struttura potr\u00e0 pertanto richiedere l\u2019eliminazione definitiva dalla pagina facendo richiesta all\u2019indirizzo e-mail <a href=\"mailto:bikeparkbooking@gmail.com\">bikeparkbooking@gmail.com\u00a0<\/a>. Qualora non pervenga alcuna comunicazione o richiesta di eliminazione della struttura dagli archivi, quest\u2019ultima rester\u00e0 disponibile per la consultazione da parte dell\u2019utente finale.<\/p>\n<p><b>Registrazione \u201cGestore Struttura\u201d<\/b><\/p>\n<p>Il gestore della struttura (azienda, associazione sportiva o guida cicloturistica) dovr\u00e0 procedere alla registrazione e creazione di un account da GESTORE indicando Ragione Sociale, Denominazione, Sede Legale, Codice Fiscale, Partita Iva (se in possesso), numero di telefono, indirizzo email e riferimento conto corrente IBAN o PAYPAL.<\/p>\n<p>Qualora la struttura fosse stata preventivamente inserita dall\u2019amministratore di Bike Park Booking, il gestore della struttura potr\u00e0 fare richiesta di abbinamento del dominio della pagina al proprio account cliccando sul pulsante \u201cSEI il GESTORE DI QUESTA STRUTTURA, Clicca Qui\u201d; ci\u00f2 comporter\u00e0 la registrazione del nuovo account con immediato collegamento alla Struttura di riferimento.<\/p>\n<p>In tal caso il gestore si impegna a dichiarare la veridicit\u00e0 in merito alla reale gestione della Struttura pubblicizzata assumendosi ogni forma di responsabilit\u00e0 penale e civile su false dichiarazioni.<\/p>\n<p><b>Informazioni e servizi STRUTTURE VERIFICATE<\/b><\/p>\n<p>Quando una pagina presenta la dicitura \u201cStruttura Verificata\u201d vuol dire che il reale gestore della Struttura ha preso possesso del domino andando a inserire tutte le varie informazioni in merito alla struttura e i servizi offerti. La veridicit\u00e0 di tali informazioni non potr\u00e0 essere verificata da Bike Park Booking che declina ogni responsabilit\u00e0 in capo al gestore. L\u2019utente finale avr\u00e0 modo di poter lasciare feedback e recensioni che potranno andare a testimoniare la reale veridicit\u00e0 delle informazioni fornite.<\/p>\n<p><b>Hotel, Ristoranti, Bike Store pubblicizzati sulla pagina della Struttura.<\/b><\/p>\n<p>Ogni Gestore ha la possibilit\u00e0 di implementare la proprio offerta turistica in locale andando ad inserire all\u2019interno della propria pagina Banner e collegamenti di Hotel, B&amp;B, Ristoranti, Bike Store e altri servizi nella propria zona in convenzione con la struttura. Il libero utilizzo di questi spazi pubblicitari comporta l\u2019acquisto con un canone annuo in favore di Bike Park Booking; il mancato acquisto di tali spazi da parte del gestore della struttura comporta l\u2019utilizzo degli spazi sopracitati in favore di Bike Park Booking per banner e pubblicit\u00e0. Il gestore della pagina potr\u00e0 in ogni momento acquistare la gestione di questi spazi pubblicitari; in caso contrario BIKE PARK BOOKING inserir\u00e0 banner pubblicitari a propria discrezione ed il GESTORE della pagina che non ha acquistato l&#8217;utilizzo di tali spazi non potr\u00e0 in alcun modo rivendicare benefici connessi al traffico pubblicitario generato.<\/p>\n<p>Bike Park Booking si occuper\u00e0 di controllare e moderare il corretto utilizzo di questi spazi pubblicitari e il rispetto delle categorie di riferimento (ad esempio non potranno essere inseriti sotto la categoria Hotel, Banner che non siano di strutture ricettive).<\/p>\n<p>Bike Park Booking declina ogni responsabilit\u00e0 e gestione sull\u2019inserimento o il mancato inserimento di banner a seguito di accordi stipulati il gestore della struttura e il titolare del Banner.<\/p>\n<p><b>Prenotazione servizi e pagamento anticipato.<\/b><\/p>\n<p>L\u2019utente finale ha la possibilit\u00e0 di acquistare i servizi offerti dalla struttura direttamente dalla piattaforma. L\u2019utente che decidere di procedere all\u2019acquisto dovr\u00e0 essere in possesso di un conto PAYPAL, Stripe o Carta di Credito e dovr\u00e0 procedere ad una registrazione indicando Nome e Cognome, indirizzo email, telefono cellulare e residenza. Tali informazioni saranno trasmesse al gestore della struttura per l\u2019emissione di una ricevuta di pagamento.<\/p>\n<p>Bike Park Booking svolge un lavoro di intermediazione tra utente finale e gestore della struttura, pertanto sar\u00e0 la struttura ad emettere una ricevuta di pagamento e a garantire la corretta erogazione del servizio. Bike Park Booking non potr\u00e0 in nessun modo intervenire nelle controversie tra l\u2019utente finale e il gestore della Struttura.<\/p>\n<p><b>Annullamento prenotazione e regole di rimborso.<\/b><\/p>\n<p>L\u2019utente, una volta prenotato e pagato un servizio potr\u00e0 richiedere l&#8217;annullamento della prenotazione tramite MESSAGGIO PRIVATO al gestore della Struttura al quale \u00e8 rimessa la regolamentazione del rimborso in caso di prenotazione con pagamento anticipato.<\/p>\n<p>Il gestore potr\u00e0 procedere alla cancellazione della prenotazione sotto richiesta dell&#8217;utente e inoltrare richiesta di rimborso a &#8220;Bike Park Booking&#8221; all&#8217;email bikeparkbooking@gmail.com . In ogni caso il rimborso sar\u00e0 decurtato del 10% dell&#8217;importo.<\/p>\n<p>Differentemente il gestore potr\u00e0 accettare la disdetta optando per l&#8217;emissione di un Coupon del valore della prenotazione per consentire all&#8217;utente di poter utilizzare questo credito per una nuova prenotazione.<\/p>\n<p>&#8220;Bike Park Booking&#8221; declina ogni responsabilit\u00e0 in merito alla gestione degli annullamenti prenotazione rimettendo la gestione al GESTORE della Struttura e non potr\u00e0 pertanto intervenire in controversie in merito.<\/p>\n<p><b>Annullamento servizio da parte della Struttura.<\/b><\/p>\n<p>Qualora l\u2019erogatore del servizio (gestore della Struttura) dovesse procedere all\u2019annullamento del servizio per motivazioni logistiche, in tal caso il rimborso sar\u00e0 dell\u2019importo totale versato per la prenotazione. Questo annullamento comporter\u00e0 la cancellazione totale delle prenotazioni e potr\u00e0 essere effettuato al massimo entro 1 ora dalla pianificazione di inizio del servizio.<\/p>\n<p>Il gestore dovr\u00e0 inoltrare comunicazione di annullamento a bikeparkbooking@gmail.com indicando la motivazione dell&#8217;annullamento e i riferimenti degli utenti da rimborsare.<\/p>\n<p>In tal caso il 10% dell&#8217;importo di queste prenotazioni annullate verr\u00e0 addebitato al gestore sottraendolo al successivo trasferimento di denaro legato a prenotazioni o donazioni.<\/p>\n<p>&#8220;Bike Park Booking&#8221; non si assume responsabilit\u00e0 di disservizi da parte dei gestori e i rimborsi sono effettuati esclusivamente sotto richiesta della struttura. Non verr\u00e0 effettuato alcun rimborso per il quale non sia stata fatta preventiva richiesta prima dell&#8217;orario di inizio del servizio.<\/p>\n<p>&nbsp;<\/p>\n<p><strong>Tempistiche di Rimborso<\/strong><\/p>\n<p>I tempi di riaccredito dei rimborsi effettuati per le prenotazioni sono legati alla tipologia di pagamento effettuato. La piattaforma si appoggia a PayPal e Stripe (quest&#8217;ultimo permette il pagamento tramite Apple Pay con dispositivi IOS). Le tempistiche di riaccredito posso pertanto variare in base al metodo di pagamento scelto variando da rimborso con riaccredito immediato a 5\/10 giorni per rimborso su carte di credito.<\/p>\n<p><b>Pagamento servizi e donazioni.<\/b><\/p>\n<p>Bike Park Booking offre all\u2019utente finale la possibilit\u00e0 di acquistare servizi presso le strutture inserite e di effettuare donazioni in favore di coloro che gestiscono la Struttura.<\/p>\n<p>Ogni transazione effettuata sulla piattaforma passer\u00e0 direttamente alla struttura decurtata di un importo pari al 10%.<span class=\"Apple-converted-space\">\u00a0<\/span><\/p>\n<p>Bike Park Booking provveder\u00e0 a fatturare la somma di tali importi al gestore della struttura ogni 15 giorni.<\/p>\n<p>Il trasferimento di denaro da Bike Park Booking alla Struttura relativo a prenotazioni o donazioni, avviene tramite PayPal o Bonifico Bancario; in caso di bonifico, qualora l&#8217;importo da trasferire sia inferiore a 50\u20ac, verr\u00e0 addebitato alla Struttura 1\u20ac oltre la commissione del 10%.<\/p>\n<p><b>Servizi di Bike Shuttle<\/b><\/p>\n<p>Tale servizio prevede il trasporto del ciclista e della bicicletta; il gestore della struttura dovr\u00e0 essere in possesso dei requisiti per poter offrire tale servizio: licenza N.c.c. oppure Associazione Sportiva, patente del conducente in regola con il mezzo utilizzato, mezzo utilizzato dotato di revisione e assicurazione, adeguato sistema di trasporto delle attrezzature e rispetto delle normative vigenti.<\/p>\n<p>Bike Park Booking declina ogni responsabilit\u00e0 in merito al mancato rispetto dei suddetti requisiti.<\/p>\n<p><b>Escursioni in MTB<\/b><\/p>\n<p>Tra le strutture pubblicizzate \u00e8 possibile trovare alcune che si occupano solo di offrire un servizio di Guida Cicloturistica, accompagnamento ed eventuale noleggio di attrezzature.<\/p>\n<p>Coloro che si occupano di gestione il servizio dovranno essere in possesso di titoli e requisiti per svolgere tale attivit\u00e0.<\/p>\n<p>In tal caso, in fase di registrazione come GESTORE verr\u00e0 richiesto di fornire la documentazione che attesti di possedere il brevetto di Guida Cicloturistica.<\/p>\n<p><b>Banner e Pubblicit\u00e0<\/b><\/p>\n<p>I banner presenti sulla Home Page, all\u2019interno delle categorie e delle regioni sono gestiti direttamente da Bike Park Booking.<\/p>\n<p>I banner presenti all\u2019interno delle categorie sulla pagina della struttura (Hotel, Ristoranti, Bike Store e Altro) saranno gestiti del gestore della struttura qualora il dominio di tali spazi venga acquistato dalla struttura stessa. Qualora tali spazi non vengano acquistati dalla struttura, la gestione degli stessi sar\u00e0 nella completa gestione dei Bike Park Booking. Le strutture non potranno in alcun modo vantare diritti sui proventi generati da questi spazi pubblicitari.<\/p>\n<p>Qualora la struttura acquisti questi spazi banner potr\u00e0 inserire banner secondo gli accordi stipulati privatamente con il titolare del banner pubblicizzato.<\/p>\n<p>Qualora tali accordi non venissero rispettati dalla struttura Bike Park Booking non potr\u00e0 in alcun modo assumersi responsabilit\u00e0 in merito in quando la cessione di tali spazi sposta la gestione nelle mani della struttura.<\/p>\n<p><b>Privacy<\/b><\/p>\n<p>La piattaforma Bike Park Booking \u00e8 di libera consultazione senza necessit\u00e0 di registrazione. I dati raccolti in fase di registrazione vengono utilizzati per fatturazioni (nel caso dei titolari delle strutture) e per la trasmissione dei dati necessari in caso di prenotazione di servizi da parte degli utenti finali (comunicazione del nome e cognome, email, numero di telefono e indirizzo, dati utili al fine del rilascio della ricevuta di pagamento da parte della struttura). Non saranno in alcun modo richiesti dati sensibili e i pagamenti passeranno tramite piattaforme di pagamento online quali PayPal e Stripe.<\/p>\n<p><b>Rapporto di Bike Park Booking con le Strutture.<\/b><\/p>\n<p>Bike Park Booking svolge un lavoro di pubblicit\u00e0 e intermediazione. L\u2019Acquisto dei servizi presenti \u00e8 esclusivamente in favore della struttura e le commissioni generate su ogni transazione sono legate alle commissioni dei sistemi di pagamento online pi\u00f9 un importo in favore di Bike Park Booking per la gestione della piattaforma.<\/p>\n<p>L\u2019utente che acquista un servizio tramite Bike Park Booking dovr\u00e0 quindi richiedere ricevuta o documento fiscale direttamente alla struttura nel momento in cui usufruisce del servizio.<\/p>\n<p>Bike Park Booking fatturer\u00e0 i costi di commissione legate esclusivamente al gestore struttura.<\/p>\n<p><b>Listini prezzi &#8211; Servizi per i GESTORI<\/b><\/p>\n<p>BIKE PARK BOOKING rivolge la propria offerta commerciale ai GESTORI DELLE STRUTTURE offrendo uno strumento utile a pubblicizzarsi, a raggiungere una clientela targhettizzata, a pubblicizzare e vendere i propri servizi e a creare un\u2019offerta turistica legata alla propria struttura.<\/p>\n<p>Pertanto per la gestione della piattaforma BIKE PARK BOOKING, i GESTORI dovranno acquistare tali funzioni con un canone annuo.<\/p>\n<p>E\u2019 pertanto possibile richiedere il listino prezzi inviando una email a info@bikeparkfinder.com.<\/p>\n<p>BIKE PARK BOOKING si riserva la possibilit\u00e0 di poter modificare tali prezzi in futuro a seconda dell\u2019evoluzione del traffico sulla piattaforma.<\/p>\n<p><strong>Diritti di Propriet\u00e0 su immagini.<\/strong><\/p>\n<p>La piattaforma prevede il caricamento di contenuti tra cui foto. Il conseguente caricamento di tali contenuti da parte dei GESTORI delle Strutture, consente a Bike Park Booking l&#8217;utilizzo di tali immagini per fini pubblicitari ; l&#8217;upload di foto e video cede pertanto a Bike Park Booking una forma di autorizzazione all&#8217;utilizzo di tali immagini.<\/p>","protected":false},"excerpt":{"rendered":"<p>Bike Park Booking \u00e8 una piattaforma che ha lo scopo di censire i luoghi di pratica per la Mountain Bike (Bike Parks, Trail Areas, Pump Track, Dire Jump, strutture di noleggio e Escursioni Guidate) sul territorio Nazionale Italiano offrendo uno strumento utile per mettere in contatto l\u2019utilizzatore finale con coloro che gestiscono queste strutture (Aziende [&hellip;]<\/p>","protected":false},"author":1,"featured_media":0,"parent":0,"menu_order":0,"comment_status":"closed","ping_status":"closed","template":"","meta":[],"yoast_head":"<!-- This site is optimized with the Yoast SEO plugin v16.3 - https:\/\/yoast.com\/wordpress\/plugins\/seo\/ -->\n<title>Termini e Condizioni - Bike Park Booking<\/title>\n<meta name=\"robots\" content=\"index, follow, max-snippet:-1, max-image-preview:large, max-video-preview:-1\" \/>\n<link rel=\"canonical\" href=\"https:\/\/www.bikeparkbooking.com\/en\/termini-e-condizioni\/\" \/>\n<meta property=\"og:locale\" content=\"en_US\" \/>\n<meta property=\"og:type\" content=\"article\" \/>\n<meta property=\"og:title\" content=\"Termini e Condizioni - Bike Park Booking\" \/>\n<meta property=\"og:description\" content=\"Bike Park Booking \u00e8 una piattaforma che ha lo scopo di censire i luoghi di pratica per la Mountain Bike (Bike Parks, Trail Areas, Pump Track, Dire Jump, strutture di noleggio e Escursioni Guidate) sul territorio Nazionale Italiano offrendo uno strumento utile per mettere in contatto l\u2019utilizzatore finale con coloro che gestiscono queste strutture (Aziende [&hellip;]\" \/>\n<meta property=\"og:url\" content=\"https:\/\/www.bikeparkbooking.com\/en\/termini-e-condizioni\/\" \/>\n<meta property=\"og:site_name\" content=\"Bike Park Booking\" \/>\n<meta property=\"article:modified_time\" content=\"2022-04-17T16:22:42+00:00\" \/>\n<meta name=\"twitter:card\" content=\"summary_large_image\" \/>\n<meta name=\"twitter:label1\" content=\"Est. reading time\">\n\t<meta name=\"twitter:data1\" content=\"10 minutes\">\n<script type=\"application\/ld+json\" class=\"yoast-schema-graph\">{\"@context\":\"https:\/\/schema.org\",\"@graph\":[{\"@type\":\"WebSite\",\"@id\":\"https:\/\/www.bikeparkbooking.com\/#website\",\"url\":\"https:\/\/www.bikeparkbooking.com\/\",\"name\":\"Bike Park Booking\",\"description\":\"Bikers, gestori di Bike Park, Trail Area e Trail Builder.\",\"potentialAction\":[{\"@type\":\"SearchAction\",\"target\":\"https:\/\/www.bikeparkbooking.com\/?s={search_term_string}\",\"query-input\":\"required name=search_term_string\"}],\"inLanguage\":\"en-US\"},{\"@type\":\"WebPage\",\"@id\":\"https:\/\/www.bikeparkbooking.com\/termini-e-condizioni\/#webpage\",\"url\":\"https:\/\/www.bikeparkbooking.com\/termini-e-condizioni\/\",\"name\":\"Termini e Condizioni - Bike Park Booking\",\"isPartOf\":{\"@id\":\"https:\/\/www.bikeparkbooking.com\/#website\"},\"datePublished\":\"2020-12-20T15:52:30+00:00\",\"dateModified\":\"2022-04-17T16:22:42+00:00\",\"breadcrumb\":{\"@id\":\"https:\/\/www.bikeparkbooking.com\/termini-e-condizioni\/#breadcrumb\"},\"inLanguage\":\"en-US\",\"potentialAction\":[{\"@type\":\"ReadAction\",\"target\":[\"https:\/\/www.bikeparkbooking.com\/termini-e-condizioni\/\"]}]},{\"@type\":\"BreadcrumbList\",\"@id\":\"https:\/\/www.bikeparkbooking.com\/termini-e-condizioni\/#breadcrumb\",\"itemListElement\":[{\"@type\":\"ListItem\",\"position\":1,\"item\":{\"@type\":\"WebPage\",\"@id\":\"https:\/\/www.bikeparkbooking.com\/\",\"url\":\"https:\/\/www.bikeparkbooking.com\/\",\"name\":\"Home\"}},{\"@type\":\"ListItem\",\"position\":2,\"item\":{\"@id\":\"https:\/\/www.bikeparkbooking.com\/termini-e-condizioni\/#webpage\"}}]}]}<\/script>\n<!-- \/ Yoast SEO plugin. -->","_links":{"self":[{"href":"https:\/\/www.bikeparkbooking.com\/en\/wp-json\/wp\/v2\/pages\/359"}],"collection":[{"href":"https:\/\/www.bikeparkbooking.com\/en\/wp-json\/wp\/v2\/pages"}],"about":[{"href":"https:\/\/www.bikeparkbooking.com\/en\/wp-json\/wp\/v2\/types\/page"}],"author":[{"embeddable":true,"href":"https:\/\/www.bikeparkbooking.com\/en\/wp-json\/wp\/v2\/users\/1"}],"replies":[{"embeddable":true,"href":"https:\/\/www.bikeparkbooking.com\/en\/wp-json\/wp\/v2\/comments?post=359"}],"version-history":[{"count":13,"href":"https:\/\/www.bikeparkbooking.com\/en\/wp-json\/wp\/v2\/pages\/359\/revisions"}],"predecessor-version":[{"id":3038,"href":"https:\/\/www.bikeparkbooking.com\/en\/wp-json\/wp\/v2\/pages\/359\/revisions\/3038"}],"wp:attachment":[{"href":"https:\/\/www.bikeparkbooking.com\/en\/wp-json\/wp\/v2\/media?parent=359"}],"curies":[{"name":"wp","href":"https:\/\/api.w.org\/{rel}","templated":true}]}}